{"id":180,"date":"2013-12-07T21:18:05","date_gmt":"2013-12-07T19:18:05","guid":{"rendered":"http:\/\/www.maracatu.de\/?page_id=180"},"modified":"2021-09-22T22:15:05","modified_gmt":"2021-09-22T20:15:05","slug":"jms","status":"publish","type":"page","link":"https:\/\/www.maracatu.de\/?page_id=180","title":{"rendered":"Jugendmusikschule Hamburg"},"content":{"rendered":"<p><strong><a href=\"https:\/\/www.hamburg.de\/jugendmusikschule\/\" target=\"_blank\" rel=\"noopener\"><img loading=\"lazy\" decoding=\"async\" class=\"alignleft wp-image-758 size-full\" src=\"https:\/\/www.maracatu.de\/wp-content\/uploads\/2016\/01\/JMS_Logo_Blau_Orange_auf_Weiss.jpg\" alt=\"Druck\" width=\"142\" height=\"142\"><\/a>Herzlich Willkommen bei der Staatlichen Jugendmusikschule Hamburg!<\/strong><\/p>\n<p>Sie interessieren sich f\u00fcr unsere Unterrichtsangebote und unsere Unterrichtsgeb\u00fchren, unsere Veranstaltungen, unsere Seminare oder f\u00fcr unsere Schulzeitschrift, die tonart?<\/p>\n<p>Unter <span style=\"text-decoration: underline;\"><a href=\"https:\/\/www.hamburg.de\/jugendmusikschule\/\" target=\"_blank\" rel=\"noopener\">www.hamburg.de\/jugendmusikschule<\/a><\/span> erhalten Sie einen Eindruck von den vielf\u00e4ltigen Aktivit\u00e4ten der Jugendmusikschule.<\/p>\n<p>Wenn Sie sich genauer \u00fcber unsere Angebote informieren m\u00f6chten, k\u00f6nnen Sie hier zu uns Kontakt aufnehmen, oder besuchen Sie uns direkt vor Ort in Ihrem Stadtbereich!<\/p>\n<p>Sollten Sie Fragen haben, sind wir telefonisch montags bis donnerstags von 8:30 &#8211; 15:00 Uhr und freitags 8:30 &#8211; 12:00 Uhr f\u00fcr Sie unter der Telefonnummer 040 &#8211; 4 28 01 &#8211; 41 41 und 040 427313265 erreichbar.<\/p>\n<p>Professor Guido M\u00fcller<br \/>\nDirektor der Staatlichen Jugendmusikschule Hamburg<\/p>\n<p><img loading=\"lazy\" decoding=\"async\" class=\"wp-image-3509 size-full aligncenter\" src=\"https:\/\/www.maracatu.de\/wp-content\/uploads\/2016\/03\/GuidoMuellerkl.jpg\" alt=\"GuidoMuellerkl\" width=\"400\" height=\"235\" srcset=\"https:\/\/www.maracatu.de\/wp-content\/uploads\/2016\/03\/GuidoMuellerkl.jpg 400w, https:\/\/www.maracatu.de\/wp-content\/uploads\/2016\/03\/GuidoMuellerkl-300x176.jpg 300w\" sizes=\"auto, (max-width: 400px) 100vw, 400px\" \/><\/p>\n<p>Staatliche Jugendmusikschule Hamburg (JMS)<br \/>\nMittelweg 42<br \/>\n20148 Hamburg<br \/>\n<a class=\"nscout\" title=\"\" href=\"&#x6d;a&#x69;l&#x74;&#111;&#x3a;&#105;n&#x66;o&#x2d;&#106;&#x6d;&#115;&#x40;&#98;s&#x62;&#46;&#x68;&#97;&#x6d;&#98;&#x75;&#x72;g&#x2e;d&#x65;\" rel=\"nofollow\">&#x69;&#x6e;&#102;&#111;-&#x6a;&#x6d;&#x73;&#64;bs&#x62;&#x2e;&#104;&#97;m&#x62;&#x75;&#x72;&#103;&#46;d&#x65;<\/a><\/p>\n","protected":false},"excerpt":{"rendered":"<p>Herzlich Willkommen bei der Staatlichen Jugendmusikschule Hamburg! Sie interessieren sich f\u00fcr unsere Unterrichtsangebote und unsere Unterrichtsgeb\u00fchren, unsere Veranstaltungen, unsere Seminare oder f\u00fcr unsere Schulzeitschrift, die tonart? Unter www.hamburg.de\/jugendmusikschule erhalten Sie einen Eindruck von den vielf\u00e4ltigen Aktivit\u00e4ten der Jugendmusikschule. Wenn Sie sich genauer \u00fcber unsere Angebote informieren m\u00f6chten, k\u00f6nnen Sie hier zu uns Kontakt aufnehmen, oder &hellip; <a href=\"https:\/\/www.maracatu.de\/?page_id=180\" class=\"more-link\"><span class=\"screen-reader-text\">Jugendmusikschule Hamburg<\/span> weiterlesen <span class=\"meta-nav\">&rarr;<\/span><\/a><\/p>\n","protected":false},"author":1,"featured_media":0,"parent":0,"menu_order":400,"comment_status":"closed","ping_status":"closed","template":"","meta":{"ngg_post_thumbnail":0,"footnotes":""},"class_list":["post-180","page","type-page","status-publish","hentry"],"_links":{"self":[{"href":"https:\/\/www.maracatu.de\/index.php?rest_route=\/wp\/v2\/pages\/180","targetHints":{"allow":["GET"]}}],"collection":[{"href":"https:\/\/www.maracatu.de\/index.php?rest_route=\/wp\/v2\/pages"}],"about":[{"href":"https:\/\/www.maracatu.de\/index.php?rest_route=\/wp\/v2\/types\/page"}],"author":[{"embeddable":true,"href":"https:\/\/www.maracatu.de\/index.php?rest_route=\/wp\/v2\/users\/1"}],"replies":[{"embeddable":true,"href":"https:\/\/www.maracatu.de\/index.php?rest_route=%2Fwp%2Fv2%2Fcomments&post=180"}],"version-history":[{"count":19,"href":"https:\/\/www.maracatu.de\/index.php?rest_route=\/wp\/v2\/pages\/180\/revisions"}],"predecessor-version":[{"id":6992,"href":"https:\/\/www.maracatu.de\/index.php?rest_route=\/wp\/v2\/pages\/180\/revisions\/6992"}],"wp:attachment":[{"href":"https:\/\/www.maracatu.de\/index.php?rest_route=%2Fwp%2Fv2%2Fmedia&parent=180"}],"curies":[{"name":"wp","href":"https:\/\/api.w.org\/{rel}","templated":true}]}}