{"id":182,"date":"2013-12-07T21:18:29","date_gmt":"2013-12-07T19:18:29","guid":{"rendered":"http:\/\/www.maracatu.de\/?page_id=182"},"modified":"2018-05-30T23:51:36","modified_gmt":"2018-05-30T21:51:36","slug":"freundeskreis","status":"publish","type":"page","link":"https:\/\/www.maracatu.de\/?page_id=182","title":{"rendered":"MARACATU Hamburg e.V."},"content":{"rendered":"<p>&nbsp;<\/p>\n<p>Der Verein <strong>Freundeskreis MARACATU Hamburg e.V.<\/strong> wurde am 22. Mai 2007 in Hamburg gegr\u00fcndet und am 15.10.2007 im Vereinsregister unter der VR Nr. 19593 eingetragen.<\/p>\n<p>Der Verein dient der musikalischen und t\u00e4nzerischen F\u00f6rderung von Kindern und Jugendlichen und der Pflege und F\u00f6rderung der brasilianischen Musikkultur und bezweckt, einer breiten \u00d6ffentlichkeit die kulturelle Einzigartigkeit afrobrasilianischer Musik, Tanz, Kunst und Kultur nahe zu bringen und als Kulturdenkmal historischer Karnevalsumz\u00fcge aus dem Nord-Osten Brasiliens zu bewahren.Sie k\u00f6nnen Mitglied im Freundeskreis MARACATU Hamburg e.V. werden und uns unterst\u00fctzen. Wir freuen uns \u00fcber jeden Sponsor oder \u00fcber Sach- und Geldspenden.<\/p>\n<p>&nbsp;<\/p>\n<p>Kontakt:<\/p>\n<p>FREUNDESKREIS MARACATU Hamburg e.V. Sitz Hamburg<\/p>\n<p>Gesch\u00e4ftsstelle:<\/p>\n<p>Sylvia Scheper<br \/>\nSchopenstehl 15<br \/>\n20095 Hamburg<\/p>\n<p>Telefon: ++49 40 32 60 82<br \/>\nFax: ++49 40 33 19 95<br \/>\nMobil: 0172 45 79 79 8<br \/>\n&#x6d;&#x61;&#x72;&#97;&#99;at&#x75;&#x4e;&#x53;&#x45;&#64;&#103;mx&#x2e;&#x64;&#x65;<\/p>\n<p>Amtsgericht Hamburg VR 19593<\/p>\n<p>Vorstand: Dirk Iwen (Vorsitzender), Birte Struck (stellv. Vorsitzende)<br \/>\nSylvia Scheper (Gesch\u00e4ftsf\u00fchrerin)<\/p>\n<p>Bankverbindung:<br \/>\nDeutsche Bank Hamburg<br \/>\nIBAN:&nbsp;DE48 2007 0000 0020 7068 00<br \/>\nBIC: DEUTDEHHXXX<br \/>\n<img loading=\"lazy\" decoding=\"async\" class=\" wp-image-282 size-full aligncenter\" src=\"https:\/\/www.maracatu.de\/wp-content\/uploads\/Logos\/logo_freundeskreis_trans.png\" alt=\"Logo Freundeskreis E.V.\" width=\"117\" height=\"112\"><\/p>\n<p>&nbsp;<\/p>\n","protected":false},"excerpt":{"rendered":"<p>&nbsp; Der Verein Freundeskreis MARACATU Hamburg e.V. wurde am 22. Mai 2007 in Hamburg gegr\u00fcndet und am 15.10.2007 im Vereinsregister unter der VR Nr. 19593 eingetragen. Der Verein dient der musikalischen und t\u00e4nzerischen F\u00f6rderung von Kindern und Jugendlichen und der Pflege und F\u00f6rderung der brasilianischen Musikkultur und bezweckt, einer breiten \u00d6ffentlichkeit die kulturelle Einzigartigkeit afrobrasilianischer &hellip; <a href=\"https:\/\/www.maracatu.de\/?page_id=182\" class=\"more-link\"><span class=\"screen-reader-text\">MARACATU Hamburg e.V.<\/span> weiterlesen <span class=\"meta-nav\">&rarr;<\/span><\/a><\/p>\n","protected":false},"author":1,"featured_media":0,"parent":0,"menu_order":405,"comment_status":"closed","ping_status":"closed","template":"","meta":{"ngg_post_thumbnail":0,"footnotes":""},"class_list":["post-182","page","type-page","status-publish","hentry"],"_links":{"self":[{"href":"https:\/\/www.maracatu.de\/index.php?rest_route=\/wp\/v2\/pages\/182","targetHints":{"allow":["GET"]}}],"collection":[{"href":"https:\/\/www.maracatu.de\/index.php?rest_route=\/wp\/v2\/pages"}],"about":[{"href":"https:\/\/www.maracatu.de\/index.php?rest_route=\/wp\/v2\/types\/page"}],"author":[{"embeddable":true,"href":"https:\/\/www.maracatu.de\/index.php?rest_route=\/wp\/v2\/users\/1"}],"replies":[{"embeddable":true,"href":"https:\/\/www.maracatu.de\/index.php?rest_route=%2Fwp%2Fv2%2Fcomments&post=182"}],"version-history":[{"count":29,"href":"https:\/\/www.maracatu.de\/index.php?rest_route=\/wp\/v2\/pages\/182\/revisions"}],"predecessor-version":[{"id":4968,"href":"https:\/\/www.maracatu.de\/index.php?rest_route=\/wp\/v2\/pages\/182\/revisions\/4968"}],"wp:attachment":[{"href":"https:\/\/www.maracatu.de\/index.php?rest_route=%2Fwp%2Fv2%2Fmedia&parent=182"}],"curies":[{"name":"wp","href":"https:\/\/api.w.org\/{rel}","templated":true}]}}