{"id":27,"date":"2013-12-07T13:41:38","date_gmt":"2013-12-07T11:41:38","guid":{"rendered":"http:\/\/www.maracatu.de\/?page_id=27"},"modified":"2023-05-26T22:07:13","modified_gmt":"2023-05-26T20:07:13","slug":"der-maracatu","status":"publish","type":"page","link":"https:\/\/www.maracatu.de\/","title":{"rendered":"Maracatu"},"content":{"rendered":"<h2>Unsere Maracatu Nation<\/h2>\n<p><img loading=\"lazy\" decoding=\"async\" class=\"aligncenter wp-image-4971\" src=\"https:\/\/www.maracatu.de\/wp-content\/uploads\/IMG_2788Kl-1024x551.jpg\" alt=\"\" width=\"671\" height=\"361\" srcset=\"https:\/\/www.maracatu.de\/wp-content\/uploads\/IMG_2788Kl-1024x551.jpg 1024w, https:\/\/www.maracatu.de\/wp-content\/uploads\/IMG_2788Kl-300x161.jpg 300w\" sizes=\"auto, (max-width: 671px) 100vw, 671px\" \/><\/p>\n<p style=\"text-align: left;\"><strong>Prunkvolle, barocke Kost\u00fcme und R\u00e4nge europ\u00e4ischer H\u00f6fe mischen sich mit afrobrasilianischen Rhythmen und T\u00e4nzen &#8211; ein rauschendes Karnevalsfest!<\/strong><\/p>\n<p>Maracatu [ma\u2019racat\u00fa] ist ein Musikstil aus Pernambuco, dem Nordosten Brasiliens, eng verbunden mit dem Karneval. Der Maracatu Nation Stern der Elbe der Staatlichen Jugendmusikschule Hamburg folgt dieser Tradition. Die tiefen, treibenden Trommeln werden von dem zu den afro- brasilianischen Rhythmen tanzendem Hofstaat angef\u00fchrt. Der Umzug besteht aus rund 40 Teilnehmern. Neben der K\u00f6nigin und dem K\u00f6nig sind die zentralen Figuren die Adeligen, Krieger und Vertreterinnen des einfachen Volkes. Aus den tiefen kraftvollen Basstrommeln der Batuqueiros, erklingt der Pulsschlag, zu dem der ganze Umzug tanzt, singt und spielt!<\/p>\n<p><img loading=\"lazy\" decoding=\"async\" class=\"alignright wp-image-936\" src=\"https:\/\/www.maracatu.de\/wp-content\/uploads\/2016\/01\/2009-Coburg_0047.jpg\" alt=\"2009 Coburg_0047\" width=\"458\" height=\"260\" srcset=\"https:\/\/www.maracatu.de\/wp-content\/uploads\/2016\/01\/2009-Coburg_0047.jpg 675w, https:\/\/www.maracatu.de\/wp-content\/uploads\/2016\/01\/2009-Coburg_0047-300x170.jpg 300w\" sizes=\"auto, (max-width: 458px) 100vw, 458px\" \/>Diese <strong>einzigartige Kombination von Kulturen &#8211; afrikanische T\u00e4nze und Trommeln zusammen mit europ\u00e4ischen Gew\u00e4ndern und Charakteren<\/strong> &#8211; stammt von Ritualen afrikanischer Sklaven in Recife, der Hauptstadt des Bundesstaates Pernambuco. Heimlich kr\u00f6nten die Sklaven-Nationen vor ca. 300 Jahren, inspiriert von den portugiesischen Kolonisatoren, ihre eigene K\u00f6nigin und den eigenen K\u00f6nig, die gleichzeitig auch die religi\u00f6sen Oberh\u00e4upter ihrer im Verborgenen ausge\u00fcbten Religion waren. So zogen sie in einem als Karnevals Umzug getarnten Kr\u00f6nungsumzug durch die Stadt. Auch wenn die Kr\u00f6nungszeremonie inzwischen \u00fcberwiegend aus den Maracatu-Darbietungen verschwunden ist, symbolisiert der festliche Umzug immer noch den k\u00f6niglichen Hofstaat, der begleitet von einer aus Sklaven bestehenden Trommlergruppe die Kr\u00f6nung seines K\u00f6nigs feiert.<\/p>\n<p><strong>Seit 1993<\/strong> begeistert der Maracatu Nation Stern der Elbe das europ\u00e4ische Publikum. Urspr\u00fcnglich f\u00fcr einen Auftritt beim Musikhallenfest in Hamburg zusammengefunden, etablierte sich eine dauerhafte Gruppe bestehend aus T\u00e4nzern und Trommlern und wurden ein fester Bestandteil der staatlichen Jugendmusikschule Hamburg. Stern der Elbe durfte schon an vielen Orten auftreten wie zum Beispiel auf der Er\u00f6ffnungsfeier der EXPO2000 in Hannover, auf dem Karneval in Aalborg\/D\u00e4nemark, dem Carnevale de Viareggio\/Italien, vor der UN in Wien und auf vielen gro\u00dfen und kleinen Festen in Hamburg und ganz Deutschland.<\/p>\n<p><strong>Maracatu Nation Stern der Elbe feierte dar\u00fcber hinaus auch Erfolge in Brasilien!<\/strong><\/p>\n<p><img loading=\"lazy\" decoding=\"async\" class=\"alignleft wp-image-922 size-medium\" src=\"https:\/\/www.maracatu.de\/wp-content\/uploads\/2016\/01\/taenzer2-300x200.jpg\" alt=\"taenzer2\" width=\"300\" height=\"200\" srcset=\"https:\/\/www.maracatu.de\/wp-content\/uploads\/2016\/01\/taenzer2-300x200.jpg 300w, https:\/\/www.maracatu.de\/wp-content\/uploads\/2016\/01\/taenzer2.jpg 720w\" sizes=\"auto, (max-width: 300px) 100vw, 300px\" \/>Im Rahmen einer Brasilien-Reise nach Recife und Olinda im Oktober 2001 pr\u00e4sentierte sich unserer Maracatu erstmals in Brasilien, u.a. am Conservat\u00f3rio do Recife (Musikhochschule) und im deutsch-brasilianischen Kulturzentrum Recife (CCBA) vor begeistertem Publikum. Der Auftritt bei der \u201eRECIFOLIA\u201c (Volksfest mit mehr als 1 Mio. Besuchern) bildete den kr\u00f6nenden Abschluss der Reise (Brasilien 2001 \u2192 <a href=\"https:\/\/www.maracatu.de\/index.php\/nggallery\/alle-gallerien\/brasilien-2001?page_id=62\" target=\"_blank\" rel=\"noopener\">Photos<\/a>).<br \/>\nZwei weitere Male durften wir inzwischen den Weg nach Recife antreten, um am Ursprungsort der Maracatu-Folklore in zahlreichen Workshops und einem intensiven kulturellen Austausch mit den dortigen traditionellen Gruppen mehr \u00fcber die sozialen und religi\u00f6sen Hintergr\u00fcnde dieser uralten, afrobrasilianischen Musikkultur zu erfahren.<br \/>\nIn 2010 ergab sich f\u00fcr ergab sich f\u00fcr unsere Mitglieder die M\u00f6glichkeit, beim offiziellen Karnevals Umzug in Recife bei der Maracatu Gruppe <span id=\"fb-timeline-cover-name\">Na\u00e7\u00e3<\/span><span id=\"fb-timeline-cover-name\">o<\/span> Le\u00e3o da Campina mit zu tanzen und zu spielen, ein wahr gewordener Traum! (Brasilien 2010 \u2192 <a href=\"https:\/\/www.maracatu.de\/index.php\/nggallery\/alle-gallerien\/brasilien-2010?page_id=62\" target=\"_blank\" rel=\"noopener\">Photos<\/a>&nbsp; \u2192 <a href=\"https:\/\/www.maracatu.de\/?p=369#more-369\" target=\"_blank\" rel=\"noopener\">Artikel<\/a>).<br \/>\nSeither besteht eine enge Freundschaft zwischen den beiden Gruppen, die dazu f\u00fchrte, dass wir in 2019 erneut nach Brasilien fuhren, um dort noch einmal mit Le\u00e3o da Campina am Umzug teilzunehmen (Brasilien 2019 \u2192 <a href=\"https:\/\/www.maracatu.de\/index.php\/nggallery\/alle-gallerien\/brasilien-2019?page_id=62\" target=\"_blank\" rel=\"noopener\">Photos<\/a>&nbsp; \u2192 <a href=\"https:\/\/www.maracatu.de\/?p=7344#more-7344\" target=\"_blank\" rel=\"noopener\">Artikel<\/a>) und erneut in die brasiliansiche und Maracatu Kultur einzutauchen.<\/p>\n<p><img loading=\"lazy\" decoding=\"async\" class=\"alignnone wp-image-921 size-full\" src=\"https:\/\/www.maracatu.de\/wp-content\/uploads\/2016\/01\/maracatu-Michelwiese2-397.jpg\" alt=\"Maracatu Festival 2008\" width=\"841\" height=\"561\" srcset=\"https:\/\/www.maracatu.de\/wp-content\/uploads\/2016\/01\/maracatu-Michelwiese2-397.jpg 841w, https:\/\/www.maracatu.de\/wp-content\/uploads\/2016\/01\/maracatu-Michelwiese2-397-300x200.jpg 300w\" sizes=\"auto, (max-width: 841px) 100vw, 841px\" \/><\/p>\n<p style=\"text-align: center;\">&nbsp;<\/p>\n","protected":false},"excerpt":{"rendered":"<p>Unsere Maracatu Nation Prunkvolle, barocke Kost\u00fcme und R\u00e4nge europ\u00e4ischer H\u00f6fe mischen sich mit afrobrasilianischen Rhythmen und T\u00e4nzen &#8211; ein rauschendes Karnevalsfest! Maracatu [ma\u2019racat\u00fa] ist ein Musikstil aus Pernambuco, dem Nordosten Brasiliens, eng verbunden mit dem Karneval. Der Maracatu Nation Stern der Elbe der Staatlichen Jugendmusikschule Hamburg folgt dieser Tradition. Die tiefen, treibenden Trommeln werden von &hellip; <a href=\"https:\/\/www.maracatu.de\/\" class=\"more-link\"><span class=\"screen-reader-text\">Maracatu<\/span> weiterlesen <span class=\"meta-nav\">&rarr;<\/span><\/a><\/p>\n","protected":false},"author":1,"featured_media":0,"parent":0,"menu_order":5,"comment_status":"closed","ping_status":"closed","template":"","meta":{"ngg_post_thumbnail":0,"footnotes":""},"class_list":["post-27","page","type-page","status-publish","hentry"],"_links":{"self":[{"href":"https:\/\/www.maracatu.de\/index.php?rest_route=\/wp\/v2\/pages\/27","targetHints":{"allow":["GET"]}}],"collection":[{"href":"https:\/\/www.maracatu.de\/index.php?rest_route=\/wp\/v2\/pages"}],"about":[{"href":"https:\/\/www.maracatu.de\/index.php?rest_route=\/wp\/v2\/types\/page"}],"author":[{"embeddable":true,"href":"https:\/\/www.maracatu.de\/index.php?rest_route=\/wp\/v2\/users\/1"}],"replies":[{"embeddable":true,"href":"https:\/\/www.maracatu.de\/index.php?rest_route=%2Fwp%2Fv2%2Fcomments&post=27"}],"version-history":[{"count":91,"href":"https:\/\/www.maracatu.de\/index.php?rest_route=\/wp\/v2\/pages\/27\/revisions"}],"predecessor-version":[{"id":7527,"href":"https:\/\/www.maracatu.de\/index.php?rest_route=\/wp\/v2\/pages\/27\/revisions\/7527"}],"wp:attachment":[{"href":"https:\/\/www.maracatu.de\/index.php?rest_route=%2Fwp%2Fv2%2Fmedia&parent=27"}],"curies":[{"name":"wp","href":"https:\/\/api.w.org\/{rel}","templated":true}]}}