{"id":279,"date":"2013-12-09T09:49:47","date_gmt":"2013-12-09T08:49:47","guid":{"rendered":"http:\/\/www.maracatu.de\/?page_id=279"},"modified":"2023-10-17T18:36:12","modified_gmt":"2023-10-17T16:36:12","slug":"links-und-freunde","status":"publish","type":"page","link":"https:\/\/www.maracatu.de\/?page_id=279","title":{"rendered":"Links und Freunde"},"content":{"rendered":"<p><img loading=\"lazy\" decoding=\"async\" class=\"aligncenter wp-image-916 size-full\" src=\"https:\/\/www.maracatu.de\/wp-content\/uploads\/2016\/01\/freunde.jpg\" alt=\"freunde\" width=\"850\" height=\"371\" srcset=\"https:\/\/www.maracatu.de\/wp-content\/uploads\/2016\/01\/freunde.jpg 850w, https:\/\/www.maracatu.de\/wp-content\/uploads\/2016\/01\/freunde-300x131.jpg 300w\" sizes=\"auto, (max-width: 850px) 100vw, 850px\" \/><\/p>\n<p><strong>Maracatu Deutschland<\/strong><\/p>\n<p>Maracatu in K\u00f6ln &#8211;&nbsp;<a href=\"http:\/\/www.maracatucolonia.de\/\" target=\"_blank\" rel=\"noopener noreferrer\">Maracatu Colonia<\/a><br><span class=\"Apple-style-span\">Maracatu in K\u00f6ln &#8211;&nbsp;<a href=\"http:\/\/www.locolunes.de\/\" target=\"_blank\" rel=\"noopener noreferrer\">Loco Lunes<\/a><\/span><br>Maracatu in Berlin &#8211;&nbsp;<a href=\"http:\/\/www.baque-forte-berlin.de\/\" target=\"_blank\" rel=\"noopener noreferrer\">Baque Forte Berlin<\/a><br>Maracatu in Augsburg &#8211;&nbsp;<a href=\"http:\/\/www.maracatu.info\/\" target=\"_blank\" rel=\"noopener noreferrer\">Maracatu Hipopotomo<\/a><\/p>\n<p><strong>Maracatu weltweit<\/strong><\/p>\n<p>Maracatu in Wien &#8211;&nbsp;<a href=\"https:\/\/www.facebook.com\/MaracatuCaxinguele\/\" target=\"_blank\" rel=\"noopener noreferrer\">Maracatu Caxinguel\u00ea<\/a><br>Maracatu in Wien &#8211;&nbsp;<a href=\"https:\/\/www.facebook.com\/MaracatuRenascente\" target=\"_blank\" rel=\"noopener noreferrer\">Maracatu Renascente<\/a><br>Maracatu in Irland &#8211;&nbsp;<a href=\"https:\/\/www.facebook.com\/MaracatuIlhaBrilhante\" target=\"_blank\" rel=\"noopener noreferrer\">Maracatu Ilha Brilhante<\/a><br>Maracatu in London &#8211;&nbsp;<a href=\"https:\/\/www.facebook.com\/Maracatu-Estrela-do-Norte-274311414094\/\" target=\"_blank\" rel=\"noopener noreferrer\">Maracatu Estrela do Norte<\/a><br>Maracatu in Recife &#8211; <a href=\"https:\/\/de-de.facebook.com\/nacao.estrelabrilhante.recife\" target=\"_blank\" rel=\"noopener noreferrer\">Maracatu&nbsp;<span id=\"fb-timeline-cover-name\">Na\u00e7\u00e3o&nbsp;<\/span>Estrela Brilhante do Recife<\/a><br>Maracatu in Recife &#8211; <a href=\"https:\/\/de-de.facebook.com\/NacaoDoMaracatuLeaoDaCampina\" target=\"_blank\" rel=\"noopener noreferrer\">Maracatu Na\u00e7\u00e3o Le\u00e3o&nbsp;da Campina<\/a><br>Maracatu in Recife &#8211;<a href=\"https:\/\/www.facebook.com\/nacaodomaracatuportorico\/\" target=\"_blank\" rel=\"noopener noreferrer\">&nbsp;Maracatu Na\u00e7\u00e3o Porto Rico<\/a><br>Maracatu in Recife &#8211;<a href=\"https:\/\/www.facebook.com\/Maracatu-Ra%C3%ADzes-de-%C3%81frica-211544252869803\/\" target=\"_blank\" rel=\"noopener noreferrer\">&nbsp;Maracatu Raizes de Africa<\/a><br>Maracatu in Recife &#8211;&nbsp;<a href=\"https:\/\/cambindaestrela.blogspot.de\/\" target=\"_blank\" rel=\"noopener noreferrer\">Maracatu&nbsp;Na\u00e7\u00e3o&nbsp;Cambinda Estrela<\/a><br>Maracatu in Olinda &#8211;&nbsp;<span class=\"Apple-style-span\"><a href=\"https:\/\/leaocoroado.wordpress.com\/\" target=\"_blank\" rel=\"noopener noreferrer\">Na\u00e7\u00e3o Le\u00e3o Coroado<\/a><\/span><br>Maracatu in Rio de Janeiro &#8211; <a href=\"https:\/\/de-de.facebook.com\/riomaracatu\" target=\"_blank\" rel=\"noopener noreferrer\">Rio Maracatu<\/a><\/p>\n<p><strong>Weitere befreundete Gruppen<\/strong><\/p>\n<p>Forro Gruppe &#8211; <a href=\"https:\/\/www.facebook.com\/forroxodomusic\/\" target=\"_blank\" rel=\"noopener\">Forroxod\u00f3<\/a><br>Sambaschule Hamburg &#8211;&nbsp;<a title=\"Unidos de Hamburgo\" href=\"http:\/\/www.udhh.de\/\" target=\"_blank\" rel=\"noopener noreferrer\">Unidos de Hamburgo<\/a><br>Bateria Altona &#8211; <a href=\"http:\/\/www.bateria-altona.de\/\" target=\"_blank\" rel=\"noopener noreferrer\">Bateria Altona&nbsp;Escola Percuss\u00e3o<\/a><br>Samba Reggae &#8211; <a href=\"http:\/\/www.fogodosamba.de\/\" target=\"_blank\" rel=\"noopener noreferrer\">Fogo do Samba<\/a><br>Samba Raggae &#8211; <a href=\"http:\/\/www.banda-ashe.de\/\" target=\"_blank\" rel=\"noopener noreferrer\">Banda Ash\u00e9<\/a><\/p>\n<p><strong>Besondere Events<\/strong><\/p>\n<p><a title=\"Bremer Karneval\" href=\"http:\/\/www.bremer-karneval.de\" target=\"_blank\" rel=\"noopener noreferrer\">Bremer Karneval<\/a><br><a href=\"https:\/\/www.karneval.berlin\/\" target=\"_blank\" rel=\"noopener noreferrer\">Karneval der Kulturen Berlin<\/a><br><a href=\"https:\/\/www.aalborgkarneval.dk\/\" target=\"_blank\" rel=\"noopener noreferrer\">Karneval in Aalborg (DK)<\/a><br><a title=\"Samba Festival Coburg\" href=\"http:\/\/www.samba-festival.de\" target=\"_blank\" rel=\"noopener noreferrer\">Samba-Festival Coburg<\/a><\/p>\n\n\n<p><\/p>\n","protected":false},"excerpt":{"rendered":"<p>Maracatu Deutschland Maracatu in K\u00f6ln &#8211;&nbsp;Maracatu ColoniaMaracatu in K\u00f6ln &#8211;&nbsp;Loco LunesMaracatu in Berlin &#8211;&nbsp;Baque Forte BerlinMaracatu in Augsburg &#8211;&nbsp;Maracatu Hipopotomo Maracatu weltweit Maracatu in Wien &#8211;&nbsp;Maracatu Caxinguel\u00eaMaracatu in Wien &#8211;&nbsp;Maracatu RenascenteMaracatu in Irland &#8211;&nbsp;Maracatu Ilha BrilhanteMaracatu in London &#8211;&nbsp;Maracatu Estrela do NorteMaracatu in Recife &#8211; Maracatu&nbsp;Na\u00e7\u00e3o&nbsp;Estrela Brilhante do RecifeMaracatu in Recife &#8211; Maracatu Na\u00e7\u00e3o Le\u00e3o&nbsp;da &hellip; <a href=\"https:\/\/www.maracatu.de\/?page_id=279\" class=\"more-link\"><span class=\"screen-reader-text\">Links und Freunde<\/span> weiterlesen <span class=\"meta-nav\">&rarr;<\/span><\/a><\/p>\n","protected":false},"author":1,"featured_media":0,"parent":0,"menu_order":0,"comment_status":"closed","ping_status":"closed","template":"","meta":{"ngg_post_thumbnail":0,"footnotes":""},"class_list":["post-279","page","type-page","status-publish","hentry"],"_links":{"self":[{"href":"https:\/\/www.maracatu.de\/index.php?rest_route=\/wp\/v2\/pages\/279","targetHints":{"allow":["GET"]}}],"collection":[{"href":"https:\/\/www.maracatu.de\/index.php?rest_route=\/wp\/v2\/pages"}],"about":[{"href":"https:\/\/www.maracatu.de\/index.php?rest_route=\/wp\/v2\/types\/page"}],"author":[{"embeddable":true,"href":"https:\/\/www.maracatu.de\/index.php?rest_route=\/wp\/v2\/users\/1"}],"replies":[{"embeddable":true,"href":"https:\/\/www.maracatu.de\/index.php?rest_route=%2Fwp%2Fv2%2Fcomments&post=279"}],"version-history":[{"count":43,"href":"https:\/\/www.maracatu.de\/index.php?rest_route=\/wp\/v2\/pages\/279\/revisions"}],"predecessor-version":[{"id":7740,"href":"https:\/\/www.maracatu.de\/index.php?rest_route=\/wp\/v2\/pages\/279\/revisions\/7740"}],"wp:attachment":[{"href":"https:\/\/www.maracatu.de\/index.php?rest_route=%2Fwp%2Fv2%2Fmedia&parent=279"}],"curies":[{"name":"wp","href":"https:\/\/api.w.org\/{rel}","templated":true}]}}