{"id":297,"date":"2013-12-09T10:44:53","date_gmt":"2013-12-09T09:44:53","guid":{"rendered":"http:\/\/www.maracatu.de\/?page_id=297"},"modified":"2018-03-17T20:12:27","modified_gmt":"2018-03-17T19:12:27","slug":"instrumente","status":"publish","type":"page","link":"https:\/\/www.maracatu.de\/?page_id=297","title":{"rendered":"Instrumente"},"content":{"rendered":"<figure id=\"attachment_915\" aria-describedby=\"caption-attachment-915\" style=\"width: 300px\" class=\"wp-caption alignleft\"><img loading=\"lazy\" decoding=\"async\" class=\"wp-image-915 size-medium\" src=\"https:\/\/www.maracatu.de\/wp-content\/uploads\/2016\/01\/alfias2-300x225.jpg\" alt=\"alfias2\" width=\"300\" height=\"225\" srcset=\"https:\/\/www.maracatu.de\/wp-content\/uploads\/2016\/01\/alfias2-300x225.jpg 300w, https:\/\/www.maracatu.de\/wp-content\/uploads\/2016\/01\/alfias2.jpg 850w\" sizes=\"auto, (max-width: 300px) 100vw, 300px\" \/><figcaption id=\"caption-attachment-915\" class=\"wp-caption-text\">Alfaias<\/figcaption><\/figure>\n<p><span class=\"Apple-style-span\"><strong>Maracatu ist Musik und Gesang<\/strong><\/span><\/p>\n<p>Die rhythmischen Takte (Toques) des Maracatu werden \u00fcberwiegend auf zylindrischen gro\u00dfen Trommeln gespielt. Die original Trommeln aus alten F\u00e4ssern oder sehr schwerem Macaiba-Holz, der ausgeh\u00f6lte Stamm einer Palme, werden nur noch von wenigen Maracatus gespielt. Hier in Europa verwendet man haupts\u00e4chlich gro\u00dfe Marschtrommeln (Alfaias\/Bombos), sowie die Snare (Caixa), Shaker (Ganz\u00e1), die Glocke (Gongu\u00e9) und die Xequere. Die gro\u00dfen Zylindertrommeln werden mit Holzschlegeln geschlagen. Sie erzeugen den tief-dr\u00f6hnenden Klang, der wie ein Pulsschlag die ganze Gruppe bewegt. Dar\u00fcber liegen die helleren T\u00f6ne, erzeugt durch die Caixa oder Tar\u00f3l, die klingt, als w\u00fcrde man Sand sieben. Das sind die Instrumente, mit denen die Musik beim Maracatu gemacht wird.<\/p>\n<table>\n<tbody>\n<tr>\n<td>\n<p><figure id=\"attachment_3451\" aria-describedby=\"caption-attachment-3451\" style=\"width: 215px\" class=\"wp-caption alignleft\"><img loading=\"lazy\" decoding=\"async\" class=\"wp-image-3451 size-medium\" src=\"https:\/\/www.maracatu.de\/wp-content\/uploads\/2016\/02\/IMG_5510kleinweb-215x300.jpg\" alt=\"IMG_5510kleinweb\" width=\"215\" height=\"300\"><figcaption id=\"caption-attachment-3451\" class=\"wp-caption-text\">Gongue<\/figcaption><\/figure><\/td>\n<td>\n<p><figure id=\"attachment_629\" aria-describedby=\"caption-attachment-629\" style=\"width: 215px\" class=\"wp-caption aligncenter\"><img loading=\"lazy\" decoding=\"async\" class=\"wp-image-629\" src=\"https:\/\/www.maracatu.de\/wp-content\/uploads\/2016\/01\/abes431-232x300.jpg\" alt=\"Jpeg\" width=\"215\" height=\"277\" srcset=\"https:\/\/www.maracatu.de\/wp-content\/uploads\/2016\/01\/abes431-232x300.jpg 232w, https:\/\/www.maracatu.de\/wp-content\/uploads\/2016\/01\/abes431.jpg 334w\" sizes=\"auto, (max-width: 215px) 100vw, 215px\" \/><figcaption id=\"caption-attachment-629\" class=\"wp-caption-text\">Shekere<\/figcaption><\/figure><\/td>\n<td>\n<p><figure id=\"attachment_631\" aria-describedby=\"caption-attachment-631\" style=\"width: 215px\" class=\"wp-caption alignright\"><img loading=\"lazy\" decoding=\"async\" class=\"wp-image-631 size-medium\" src=\"https:\/\/www.maracatu.de\/wp-content\/uploads\/2016\/01\/caixa431-215x300.jpg\" alt=\"caixa431\" width=\"215\" height=\"300\" srcset=\"https:\/\/www.maracatu.de\/wp-content\/uploads\/2016\/01\/caixa431-215x300.jpg 215w, https:\/\/www.maracatu.de\/wp-content\/uploads\/2016\/01\/caixa431.jpg 309w\" sizes=\"auto, (max-width: 215px) 100vw, 215px\" \/><figcaption id=\"caption-attachment-631\" class=\"wp-caption-text\">Caixa<\/figcaption><\/figure><\/td>\n<\/tr>\n<\/tbody>\n<\/table>\n<figure id=\"attachment_3452\" aria-describedby=\"caption-attachment-3452\" style=\"width: 300px\" class=\"wp-caption alignright\"><img loading=\"lazy\" decoding=\"async\" class=\"wp-image-3452 size-medium\" src=\"https:\/\/www.maracatu.de\/wp-content\/uploads\/2016\/02\/ganzaweb-300x215.jpg\" alt=\"ganzaweb\" width=\"300\" height=\"215\"><figcaption id=\"caption-attachment-3452\" class=\"wp-caption-text\">Ganza<\/figcaption><\/figure>\n<p>Zur Musik des Maracatu werden auch Lieder gesungen, die sogenannten &#8222;Loas&#8220;, die als Mittel zur Erz\u00e4hlung der Herkunft, Geschichte und auch als Erhalt der Nationen dienen. Diese Musik und Lieder sollten in ihren Texten dazu beitragen, dass die Sklaven nie vergessen, woher sie kommen und welche Traditionen ihre Vorfahren hatten. Auf diese Weise konnten die Sklaven in Brasilien \u00e4hnlich wie die Sklaven in S\u00fcdamerika mit Musik und Gesang viele Qualen und Erniedrigungen \u00fcberleben. Die Musik gab Trost und den Glauben daran, dass das Leid irgendwann einmal f\u00fcr sie ein Ende hat.<\/p>\n","protected":false},"excerpt":{"rendered":"<p>Maracatu ist Musik und Gesang Die rhythmischen Takte (Toques) des Maracatu werden \u00fcberwiegend auf zylindrischen gro\u00dfen Trommeln gespielt. Die original Trommeln aus alten F\u00e4ssern oder sehr schwerem Macaiba-Holz, der ausgeh\u00f6lte Stamm einer Palme, werden nur noch von wenigen Maracatus gespielt. Hier in Europa verwendet man haupts\u00e4chlich gro\u00dfe Marschtrommeln (Alfaias\/Bombos), sowie die Snare (Caixa), Shaker (Ganz\u00e1), &hellip; <a href=\"https:\/\/www.maracatu.de\/?page_id=297\" class=\"more-link\"><span class=\"screen-reader-text\">Instrumente<\/span> weiterlesen <span class=\"meta-nav\">&rarr;<\/span><\/a><\/p>\n","protected":false},"author":1,"featured_media":0,"parent":0,"menu_order":0,"comment_status":"closed","ping_status":"closed","template":"","meta":{"ngg_post_thumbnail":0,"footnotes":""},"class_list":["post-297","page","type-page","status-publish","hentry"],"_links":{"self":[{"href":"https:\/\/www.maracatu.de\/index.php?rest_route=\/wp\/v2\/pages\/297","targetHints":{"allow":["GET"]}}],"collection":[{"href":"https:\/\/www.maracatu.de\/index.php?rest_route=\/wp\/v2\/pages"}],"about":[{"href":"https:\/\/www.maracatu.de\/index.php?rest_route=\/wp\/v2\/types\/page"}],"author":[{"embeddable":true,"href":"https:\/\/www.maracatu.de\/index.php?rest_route=\/wp\/v2\/users\/1"}],"replies":[{"embeddable":true,"href":"https:\/\/www.maracatu.de\/index.php?rest_route=%2Fwp%2Fv2%2Fcomments&post=297"}],"version-history":[{"count":51,"href":"https:\/\/www.maracatu.de\/index.php?rest_route=\/wp\/v2\/pages\/297\/revisions"}],"predecessor-version":[{"id":4874,"href":"https:\/\/www.maracatu.de\/index.php?rest_route=\/wp\/v2\/pages\/297\/revisions\/4874"}],"wp:attachment":[{"href":"https:\/\/www.maracatu.de\/index.php?rest_route=%2Fwp%2Fv2%2Fmedia&parent=297"}],"curies":[{"name":"wp","href":"https:\/\/api.w.org\/{rel}","templated":true}]}}