{"id":3370,"date":"2016-02-24T21:10:04","date_gmt":"2016-02-24T20:10:04","guid":{"rendered":"http:\/\/www.maracatu.de\/?page_id=3370"},"modified":"2026-03-22T22:13:46","modified_gmt":"2026-03-22T21:13:46","slug":"auftritts-archiv-referenzen","status":"publish","type":"page","link":"https:\/\/www.maracatu.de\/?page_id=3370","title":{"rendered":"Auftritts Archiv &#8211; Referenzen"},"content":{"rendered":"<p><strong>2026<\/strong><br \/>\nFesta de Samba im Stellwerk, Hamburg, Auftritt, Februar<\/p>\n<p><strong>2025<\/strong><br \/>\n40. Bremer Karneval, Bremen, Umzug und Auftritt, Februar<br \/>\nTag der offenen T\u00fcr staatliche Jugendmusikschule, Hamburg Rohtherbaum, Auftritt, April<br \/>\nKifaZ Schnellsen Stra\u00dfenfest, Hamburg, Juli<br \/>\nEinweihung Lagerhalle im Hafen, Hamburg, Auftritt, Juli<br \/>\nInternationales <span style=\"color: #ff9900;\"><a style=\"color: #ff9900;\" href=\"https:\/\/www.samba-festival.de\/\" target=\"_blank\" rel=\"noopener\">Samba Festival Coburg<\/a><\/span>, Coburg, Auftritte, Juli<br \/>\nInternationales Stadtteilfest Steilshoop, Hamburg, Umzug und Auftritt, September<br \/>\nMusikpavillion Planten und Bloomen, Hamburg, Auftritt, September<br \/>\nEmersound Auftritt Cascadas Bar, Hamburg Auftritt, Oktober<br \/>\n10 Jahre FC St. Pauli Pipes &amp; Drums \u2013 Jubil\u00e4umskonzert, Hamburg, Auftritt, November<br \/>\nSt. Martinsumzug, Katholische Kindertagesst\u00e4tte St. Marien, Umzug, November<br \/>\nDrums &amp; Percussion Day in der staatliche Jugendmusikschule, Hamburg, Auftritt, November<\/p>\n<p><strong>2024<\/strong><br \/>\nSt. Martinsumzug Katholische Kindertagesst\u00e4tte St. Marien, Hamburg, Umzug, November<br \/>\n34. internationales Stadtteilfest Steilshoop, Hamburg, Umzug und Auftritt, September<br \/>\nFamilien-Hoffest Erdbeerhof Glantz, Delingsdorf, Auftritte, August<br \/>\nInternationales <span style=\"color: #ff9900;\"><a style=\"color: #ff9900;\" href=\"https:\/\/www.samba-festival.de\/\" target=\"_blank\" rel=\"noopener\">Samba Festival Coburg<\/a><\/span>, Coburg, Auftritte, Juli<br \/>\nLaut &amp; Luise, Kinderfest Planten un Blomen Hamburg, Auftritt, Juni<br \/>\nSTAMP Nachtparade, Hamburg Altona, Umzug, Juni<br \/>\nFest der Nationen, Wahlstedt, Umzug und Auftritt, Juni<br \/>\nKlangfest auf dem Kampnagel, Hamburg, Auftritt, Mai<br \/>\nTag der offenen T\u00fcr staatliche Jugendmusikschule, Hamburg Rohtherbaum, Auftritt, April<\/p>\n<p><strong>2023<\/strong><br \/>\nLaternenumzug Lenz Siedlung, Hamburg Eimsb\u00fcttel, Umzug, November<br \/>\nMartinsumzug St. Marien, Hamburg Ottensen, Umzug, November<br \/>\nMovimento Noderstedt &#8211; autofreies Stra\u00dfenfest, Umzug, September<br \/>\n33. internationales Stadtteilfest Steilshoop, Hamburg, Umzug und Auftritt, September<br \/>\nInternationales Samba Festval in Coburg, mehrere Auftritte, Juli<br \/>\nAltonale\/STAMP, Hamburg, Auftritt, Juli<br \/>\nKindervogelschie\u00dfen Rohlsdorf, Rohlsdorf, Umzug, Juli<br \/>\n30-j\u00e4hriges Jubil\u00e4um Maracatu Nation Stern der Elbe, Miralles Saal, Hamburg, 10. Juni<br \/>\nFest der Nationen, Wahlstedt, Umzug und Auftritt, Juni<br \/>\nKlangfest Kampnagel, Hamburg, Auftritt, Mai<br \/>\nBremer Karneval, Bremen, Umzug und Auftritt, April<br \/>\nTag der offenen T\u00fcr, JMS Hamburg, Auftritt, April<br \/>\nGeburtstagsfeier Unidos do Hamburgo, Hamburg, Auftritt, Februar<\/p>\n<p><b>2022<\/b><br \/>\nLaternenumzug Kita Kivi, Hamburg, Umzug, November<br \/>\nLaternenumzug Kita St. Marien, Hamburg, Umzug, November<br \/>\nLaternenumzug Kita Schatzkiste, Hamburg, Umzug, November<br \/>\nTag der offenen T\u00fcr, Schule R\u00f6thmoorweg, Hamburg, Auftritt, September<br \/>\nMovimento, Norderstedt, Umzug, September<br \/>\nStadtteilfest A.G.D.A.Z. Steilshoop, Hamburg, Auftritt, September<br \/>\nFaslams Umzug, H\u00f6rsten bei Hamburg, Auftritt, Juli<br \/>\nInternationales Sambafestival in Coburg <a href=\"https:\/\/www.samba-festival.de\/\" target=\"_blank\" rel=\"noopener\">www.samba-festival.de<\/a>, mehrere Auftritte, Juli<br \/>\nKita Sommerfest, KinderVilla Fruchtallee Hamburg, Auftritt, Juni<br \/>\nSommerserenade, staatliche Jugendmusikschule Hamburg, Auftritt, Juli<br \/>\n<a href=\"https:\/\/www.maracatu.de\/wp-content\/uploads\/Altonale_PJM_NSE2022.jpeg\" target=\"_blank\" rel=\"noopener\">Altonale<\/a>, Hamburg, Auftritt, Juli<\/p>\n<p><b>2021<\/b><br \/>\nLandhaus Walter, Hamburg, Auftritt im Sommer<\/p>\n<p><b>2020<\/b><br \/>\nBremer Karneval, Bremen, Umzug, Auftritt, Februar<\/p>\n<p><b>2019<\/b><br \/>\nBRASIL 2019, Brasilien, Auftritte u Umz\u00fcge w\u00e4hrend des Karnevals<br \/>\nStadtteilfest A.G.D.A.Z. Steilshoop, Hamburg, Auftritt, September<\/p>\n<p><b>2016<\/b><br \/>\nBremer Karneval, Bremen, Umzug, Auftritt, Februar<br \/>\nK\u00f6lner Karneval, K\u00f6ln, Umz\u00fcge u Auftritte, Februar<br \/>\nStadtteilfest A.G.D.A.Z. Steilshoop, Hamburg, Auftritt, September<\/p>\n<p><b>2015<\/b><br \/>\nBremer Karneval, Bremen, Umzug, Auftritt, Februar<br \/>\nTag der offenen T\u00fcr in der JMS, Hamburg, Auftritt, April<br \/>\nBotanischen Sondergarten Wandsbek, Hamburg, Umzug, September<br \/>\nITU Triathlon, Hamburg, Auftritt, Juli<br \/>\n21 Jahre Lionsclub in Wahlstedt, Wahlstedt, Umzug, Juni<br \/>\nterre des hommes Kinderfest am Christianeum, Hamburg, Auftritt, September<br \/>\nSTAMP Parade Altona, Hamburg, Umzug, September<br \/>\nStadtteilfest A.G.D.A.Z. Steilshoop, Hamburg, Auftritt, September<br \/>\nMovimento, Norderstedt, Umzug, September<br \/>\nAltonale, Hamburg, Umzug, Auftritt<\/p>\n<p><b>2014<\/b><br \/>\nBremer Karneval, Bremen, Umzug, Auftritt, Februar<br \/>\nMaracatu auf der 5.Groovnight Max Brauer Schule, Hamburg, Auftritt, April<br \/>\nLangen Nacht der Museen, Helms Museum, Hamburg, Auftritt, April<br \/>\nTag der offenen T\u00fcr in der JMS, Hamburg, Auftritt, Mai<br \/>\nMusikfest bei der Elbphilharmonie, Hamburg, Umzug, Mai<br \/>\n\u201e100 Jahre Stadtpark\u201c, Hamburg, Umzug, Auftritt, Mai<br \/>\nSommerfest Kita Steilshoop, Hamburg, Auftritt, Juni<br \/>\n24 Stundenlauf in Schenefeld, Hamburg, Auftritt, Juni<br \/>\nKonzert in der Laeiszhalle, China in Motion, Hamburg, Auftritt, Juli<br \/>\nOpen Air Konzert Jungfernstieg, China in Motion, Hamburg, Auftritt, Juli<br \/>\n6. Maracatu Encontro 2014, Irland, Auftritt, Juli<br \/>\nITU Triathlon, Hamburg, Auftritt, Juli<br \/>\nStadtteilfest Schnelsen-S\u00fcd, Hamburg, Auftritt, Juni<br \/>\nKita Hamburg- Duvenstedt, Hamburg, Auftritt, September<br \/>\nNight Parade Altona, Hamburg, Umzug, September<br \/>\nWeltkinderfest Gro\u00dfe Wallanlagen, Hamburg, Umzug u Auftritt, September<br \/>\nMovimento, Norderstedt, Umzug, September<br \/>\nStadtteilfest A.G.D.A.Z. Steilshoop, Hamburg, Auftritt, September<br \/>\nSTAMP Parade Altona, Hamburg, Umzug, September<\/p>\n<p><b>2013<\/b><br \/>\nDrumclash in der Fabrik, Hamburg, Auftritt, Februar<br \/>\nBremer Karneval, Bremen, Umzug, Auftritt (Kesselhalle), Februar<br \/>\nTag der offenen T\u00fcr in der JMS, Hamburg, Auftritt, April<br \/>\nSamba Festival Coburg, Coburg, Festival, Juli<br \/>\nSambafestival in Bad Wildungen, Bad Wildungen, Festival, August<br \/>\nKirchengemeinde Harksheide, Norderstedt, Auftritt, August<br \/>\nSchulfest Grundschule Kirchdorf, Hamburg, Auftritt, September<br \/>\nXXL-Anwohner-Flohmarkt Eimsb\u00fcttel, Hamburg, Umzug, September<br \/>\nMovimento, Norderstedt, Umzug, September<br \/>\nStadtteilfest A.G.D.A.Z. Steilshoop, Hamburg, Auftritt, September<br \/>\nterre des hommes Kinderfest am Christianeum, Hamburg, Auftritt, September<\/p>\n<p><b>2012<\/b><br \/>\nK\u00f6lner Karneval, K\u00f6ln, Umz\u00fcge u Auftritte<br \/>\nBremer Karneval, Bremen, Umzug, Auftritt, Februar<br \/>\nPortugiesisches Schulfest in der RRG, Hamburg, Auftritt, Januar<br \/>\nKinderfest bei Plan, Hamburg, Auftritt, M\u00e4rz<br \/>\nFirmenfeier auf der Cap San Diego, Hamburg, Auftritt, Mai<br \/>\nCarnival in Aalborg, Aalborg D\u00e4nemark Umzug u Auftritt, Mai<br \/>\nStadtteilfest Schnelsen-S\u00fcd, Hamburg, Auftritt, Juni<br \/>\nTag der Musik in Hamburg, Hamburg, Umzug, Auftritt, Juni<br \/>\nMusikalischer Benefizlauf f\u00fcr die Klangstrolche, Hamburg, Auftritt, Juni<br \/>\nProjekt 38 in Schnelsen, Hamburg, Auftritt, Juni<br \/>\n12j\u00e4hriges Jubil\u00e4um Villa im Park, Hamburg, Auftritt, Juli<br \/>\n5.Europ\u00e4ische Maracatu-Treffen 2012 in K\u00f6ln, Umzug u Auftritt, Juli<br \/>\nSommerfest Planten un Blomen, Hamburg, Auftritt und Umzug, Juni<br \/>\nKinderfest am Hamburger Rathaus, Hamburg, Auftritt, August<br \/>\nSommerfest in der RRG\/StadtteilschuleamHafen, Hamburg, Auftritt, August<br \/>\n24 Stundenlauf in Schenefeld, Hamburg, Auftritt, August<br \/>\nDrumclash in der Fabrik, Hamburg, Auftritt, M\u00e4rz<br \/>\nSamba Festival Coburg, Coburg, Festival, Juli<br \/>\nWeltkinderfest Gro\u00dfe Wallanlagen, Hamburg, Umzug u Auftritt, September<br \/>\nNight Parade Altona, Hamburg, Umzug, September<br \/>\nStadtteilfest A.G.D.A.Z. Steilshoop, Hamburg, Auftritt, September<br \/>\nSTAMP Parade Altona, Hamburg, Umzug, September<br \/>\n18 Jahre Lionsclub in Wahlstedt, Wahlstedt, Umzug, Juni<\/p>\n<p><b>2011<\/b><br \/>\nBremer Karneval, Bremen, Umzug, Auftritt (Kesselhalle), Februar<br \/>\nK\u00f6lner Karneval, K\u00f6ln, Umz\u00fcge u Auftritte, M\u00e4rz<br \/>\nHafengeburtstag, Hamburg, Auftritt, Mai<br \/>\n30j\u00e4hriges Jubil\u00e4um Koppel 66, Hamburg, Auftritt, Mai<br \/>\nStadtteilfest Schnelsen-S\u00fcd, Hamburg, Auftritt, Mai<br \/>\nKarneval der Kulturen Berlin, Berlin, Umzug, Juni<br \/>\nlaut und luise, Kindertag der Musik, Hamburg, Umzug, Juni<br \/>\n25 Jahre VIRADA am Elbstrand \u00d6velg\u00f6nne, Hamburg, Auftritt, Jnui<br \/>\nL\u00fcneburg Betriebsfeier, L\u00fcneburg, Auftritt, Juni<br \/>\nEr\u00f6ffnung Pflanzenwelt Brasiliens, SondergartenWandsbek, HH, Auftritt, Juni<br \/>\nUmzug in Wilhelmsburg, Hamburg, Umzug, Juni<br \/>\nSommerfest im Seniorenzentrum R\u00f6weland, Hamburg, Auftritt, Juli<br \/>\nGrundschule Kirchdorf, Hamburg, Auftritt, September<br \/>\nMiralles-Saal-Er\u00f6ffnung JMS, Hamburg, Auftritt, September<br \/>\nHamburger M\u00e4rchentage, Hamburg, Auftritt, November<br \/>\nLaternenumzug der Gesamtschule Kirchdorf, Hamburg, Umzug, November<br \/>\nCarnival in Aalborg, Aalborg D\u00e4nemark Umzug u Auftritt<br \/>\nTag der Musik in Hamburg, Hamburg, Umzug, Auftritt, Juni<br \/>\nSommerfest Planten un Blomen, Hamburg, Auftritt und Umzug, Juli<br \/>\nSamba Festival Coburg, Coburg, Festival, Juli<br \/>\nSambafestival in Bad Wildungen, Bad Wildungen, Festival, August<br \/>\nNight Parade Altona, Hamburg, Umzug, September<br \/>\nMovimento, Norderstedt, Umzug, September<br \/>\nStadtteilfest A.G.D.A.Z. Steilshoop, Hamburg, Auftritt, September<br \/>\nSTAMP Parade Altona, Hamburg, Umzug, September<\/p>\n<p><b>2010<\/b><br \/>\nBRASIL 2010, Brasilien, Auftritte, Umz\u00fcge und Karneval, 10.02. &#8211; 20. Februar<br \/>\nLange Nacht der Museen, Deichtorhallen, Auftritt, April<br \/>\nTag der offenen T\u00fcr in der JMS, Hamburg, Auftritt, April<br \/>\nStadion Schulzentrum Schenefeld, Hamburg, Auftritt, Juni<br \/>\nWM Fan Fest auf dem Heiligengeistfeld, Hamburg, Auftritt, Juni<br \/>\nJahre Banda Local, Stade, Umzug, Juni<br \/>\n4.Encontro de Maracatu PARIS, Paris, Umzug, 02.07 &#8211; 04. Juli<br \/>\nAuftritt St. Peter Ording&nbsp; Feuert\u00e4nzer, St. Peter Ordung, Auftritt, Juli<br \/>\nStadtteilfest Gro\u00dfneumarkt, Hamburg, Umzug, August<br \/>\nAnkunft brasil. Schulschiff NE BRASIL (Landungsbr), Hamburg, Auftritt, September<br \/>\nEinweihungsfest Kunstrasenplatz Eintracht Lokstedt, Hamburg, Auftritt, Dezember<br \/>\nLaternenumzug der Gesamtschule Kirchdorf, Hamburg, Umzug, November<br \/>\nUmzug in Wilhelmsburg, Hamburg, Umzug, Juni<br \/>\nKarneval der Kulturen Berlin, Berlin, Umzug, Mai<br \/>\nTag der Musik in Hamburg, Hamburg, Umzug, Auftritt, Juni<br \/>\nWeltkinderfest Gro\u00dfe Wallanlagen, Hamburg, Umzug u Auftritt, September<br \/>\nNight Parade Altona, Hamburg, Umzug, September<br \/>\nStadtteilfest Schnelsen-S\u00fcd, Hamburg, Auftritt, Juni<br \/>\nStadtteilfest A.G.D.A.Z. Steilshoop, Hamburg, Auftritt, September<br \/>\nSTAMP Parade Altona, Hamburg, Umzug, September<\/p>\n<p><b>2009<\/b><br \/>\nMESSE Hamburger Einkaufstage, Hamburg, Auftritt, August<br \/>\nSchulfest Lange Reihe, Hamburg, Umzug, September<br \/>\nGeburtstag Fantasma, K\u00f6ln, Auftritt, November<br \/>\nStiftung Elbphilharmonie auf Kampnagel, Hamburg, Auftritt, Dezember<br \/>\nFestival der Kulturen, Hamburg, Festival, September<br \/>\nLaternenumzug der Gesamtschule Kirchdorf, Hamburg, Umzug, November<br \/>\nKarneval der Kulturen Berlin, Berlin, Umzug, Mai<br \/>\nSamba Festival Coburg, Coburg, Festival, Juli<br \/>\nSambafestival in Bad Wildungen, Bad Wildungen, Festival, September<br \/>\nMovimento, Norderstedt, Umzug, September<br \/>\nStadtteilfest A.G.D.A.Z. Steilshoop, Hamburg, Auftritt, September<\/p>\n<p><b>2008<\/b><br \/>\n15 Jahre Nation Stern der Elbe, Hamburg, Umzug, Auftritt<br \/>\nFestival der Kulturen, Hamburg, Festival, September<br \/>\nCarnival in Aalborg, Aalborg D\u00e4nemark Umzug u Auftritt<\/p>\n<p><b>2007<\/b><br \/>\nFestival der Kulturen, Hamburg, Festival,September<br \/>\nCarnival in Aalborg, Aalborg D\u00e4nemark Umzug u Auftritt<br \/>\nAltonale Hamburg, Umzug, Auftritt<\/p>\n<p><b>2006<\/b><br \/>\nKarneval in Kopenhagen, Kopenhagen, Umzug, Auftritt<br \/>\nMovimento, Norderstedt, Umzug<br \/>\nFestival der Kulturen, Hamburg, Festival,September<br \/>\nAltonale Hamburg, Umzug, Auftritt<br \/>\nMovimento, Norderstedt, Umzug, September<\/p>\n<p><b>2005<\/b><br \/>\nEinweihung Munsteraner Handwerkerschaft, Munster, Auftritt, April<br \/>\nFestival der Kulturen, Hamburg, Festival, September<\/p>\n<p><b>2004<\/b><br \/>\nKarneval in Kopenhagen, Kopenhagen, Umzug, Auftritt<\/p>\n<p><b>2003<\/b><br \/>\n10j\u00e4hriges Jub. RRG,&nbsp; Hamburg, Auftritt<br \/>\n2.Trommelfest Bergedorf, Hamburg, Umzug Auftritt, August<br \/>\nFestival der Kulturen, Hamburg, Festival, September<br \/>\nCarnival in Aalborg, Aalborg D\u00e4nemark Umzug u Auftritt<br \/>\nAltonale Hamburg, Umzug, Auftritt, Juni<\/p>\n<p><b>2002<\/b><br \/>\nMalchower Volksfest, Malchow, Auftritt, November<br \/>\nSoul Summit Tanz in den Mai, Hamburg, Auftritt, April<br \/>\nCarnival in Aalborg, Aalborg D\u00e4nemark Umzug u Auftritt<br \/>\nSommerfest in der RRG\/StadtteilschuleamHafen, HH, Auftritt, September<\/p>\n<p><b>2001<\/b><br \/>\nJMS Jubil\u00e4im 50Jahre, Hamburg, Auftritt, Januar<br \/>\nFestwoche 700 Jahre Blankenese, Hamburg, Umzug, Juli<br \/>\nBRASIL 2001, Brasilen, Auftritte und Umz\u00fcge, 14.-29. Oktober<br \/>\nTag der Musik in Hamburg, Hamburg, Umzug, Auftritt<\/p>\n<p><b>2000<\/b><br \/>\n\u201eMusikMusik\u201c HS f MusikuTheater, Hamburg, Auftritt, M\u00e4rz<br \/>\n22 1\/2h Konzert JMS, Hamburg, Auftritt, M\u00e4rz<br \/>\nMai-Kundgebung, Hamburg, Auftritt, Mai<br \/>\nFestumzug Walrsrode, Walsrode, Umzug, Mai<br \/>\nExpo Er\u00f6ffnungsfeier, Hannover, Auftritt, Juni<br \/>\n\u201eDas Fest\u201c (SPD), Hamburg, Auftritt, Juni<br \/>\nVollblutwoche im Pferdestall, Hamburg, Auftritt, Oktober<br \/>\nSommerfest in der RRG\/StadtteilschuleamHafen, HH, Auftritt<br \/>\nAltonale (1.Platz Kost\u00fcm ), Hamburg, Umzug, Auftritt, September<\/p>\n<p><b>1999<\/b><br \/>\nCarnevale di Viareggio, Viagreggio, Italien, Umzug, Februar<br \/>\nBremer Karneval, Bremen, Umzug, Auftritt, Februar<br \/>\nMusikfest JMS, Hamburg, Auftritt Juni<br \/>\nEr\u00f6ffnung WorldPowerbootChampionship, L\u00fcbeck, Umzug, Juli<br \/>\nHeidebl\u00fctenfest, Schneverdingen, Umzug, August<br \/>\n30.Polizeishow, Hamburg, Auftritt, Oktober<br \/>\nAlstervergn\u00fcgen, Hamburg, Umzug<\/p>\n<p><b>1998<\/b><br \/>\nWorld Drum Festival, Fabrik, Hamburg, Auftritt, Januar<br \/>\nBremer Karneval, Bremen, Umzug, Auftritt, Februar<br \/>\nNicaraguafest Jahnschule, Hamburg, Auftritt, Mai<br \/>\nJubil\u00e4umsparty Rock&amp;JazzKlassenJMS, Hamburg, Auftritt, Mai<br \/>\nK\u00f6ln Marathon, Stadtfest, K\u00f6ln, Auftritt, Oktober<br \/>\nAlstervergn\u00fcgen, Hamburg, Umzug<br \/>\nAltonale (1.Platz Kost\u00fcm ), Hamburg, Umzug, Auftritt, September<\/p>\n<p><b>1997<\/b><br \/>\n\u201eMusik befl\u00fcgelt Hamburg\u201c, Hamburg, Umzug, Juni<br \/>\nAlstervergn\u00fcgen, Hamburg, Umzug<\/p>\n<p><b>1996<\/b><br \/>\n1. Musikschultag, Hamburg, Umzug, Juni<\/p>\n<p><b>1995<\/b><br \/>\n\u201eMusik befl\u00fcgelt Hamburg\u201c, Hamburg, Umzug, Mai<\/p>\n<p><b>1994<\/b><br \/>\nEr\u00f6ffnung Musikschul-Kongress, CCH, Hamburg, Auftritt<br \/>\nMusikhallenfest, Hamburg, Umzug<\/p>\n<p><b>1994<\/b><br \/>\nMusikhallenfest, Hamburg, Umzug<\/p>\n<div>&nbsp;<\/div>\n<p><span style=\"text-decoration: underline;\"><a href=\"https:\/\/www.maracatu.de\/?page_id=243\">zur\u00fcck zu den aktuellen Terminen<\/a><\/span><\/p>\n","protected":false},"excerpt":{"rendered":"<p>2026 Festa de Samba im Stellwerk, Hamburg, Auftritt, Februar 2025 40. Bremer Karneval, Bremen, Umzug und Auftritt, Februar Tag der offenen T\u00fcr staatliche Jugendmusikschule, Hamburg Rohtherbaum, Auftritt, April KifaZ Schnellsen Stra\u00dfenfest, Hamburg, Juli Einweihung Lagerhalle im Hafen, Hamburg, Auftritt, Juli Internationales Samba Festival Coburg, Coburg, Auftritte, Juli Internationales Stadtteilfest Steilshoop, Hamburg, Umzug und Auftritt, September &hellip; <a href=\"https:\/\/www.maracatu.de\/?page_id=3370\" class=\"more-link\"><span class=\"screen-reader-text\">Auftritts Archiv &#8211; Referenzen<\/span> weiterlesen <span class=\"meta-nav\">&rarr;<\/span><\/a><\/p>\n","protected":false},"author":1,"featured_media":0,"parent":0,"menu_order":0,"comment_status":"closed","ping_status":"closed","template":"","meta":{"ngg_post_thumbnail":0,"footnotes":""},"class_list":["post-3370","page","type-page","status-publish","hentry"],"_links":{"self":[{"href":"https:\/\/www.maracatu.de\/index.php?rest_route=\/wp\/v2\/pages\/3370","targetHints":{"allow":["GET"]}}],"collection":[{"href":"https:\/\/www.maracatu.de\/index.php?rest_route=\/wp\/v2\/pages"}],"about":[{"href":"https:\/\/www.maracatu.de\/index.php?rest_route=\/wp\/v2\/types\/page"}],"author":[{"embeddable":true,"href":"https:\/\/www.maracatu.de\/index.php?rest_route=\/wp\/v2\/users\/1"}],"replies":[{"embeddable":true,"href":"https:\/\/www.maracatu.de\/index.php?rest_route=%2Fwp%2Fv2%2Fcomments&post=3370"}],"version-history":[{"count":53,"href":"https:\/\/www.maracatu.de\/index.php?rest_route=\/wp\/v2\/pages\/3370\/revisions"}],"predecessor-version":[{"id":7874,"href":"https:\/\/www.maracatu.de\/index.php?rest_route=\/wp\/v2\/pages\/3370\/revisions\/7874"}],"wp:attachment":[{"href":"https:\/\/www.maracatu.de\/index.php?rest_route=%2Fwp%2Fv2%2Fmedia&parent=3370"}],"curies":[{"name":"wp","href":"https:\/\/api.w.org\/{rel}","templated":true}]}}