{"id":4985,"date":"2018-06-04T00:26:09","date_gmt":"2018-06-03T22:26:09","guid":{"rendered":"https:\/\/www.maracatu.de\/?page_id=4985"},"modified":"2018-06-08T23:37:24","modified_gmt":"2018-06-08T21:37:24","slug":"datenschutzerklaerung","status":"publish","type":"page","link":"https:\/\/www.maracatu.de\/?page_id=4985","title":{"rendered":"Datenschutzerkl\u00e4rung"},"content":{"rendered":"<p>MARACATU freut sich \u00fcber Ihr Interesse an der MARACATU-Website.<br \/>\nDen Schutz personenbezogener Daten, die \u00fcber unseren Webauftritt erfasst werden, nehmen wir sehr ernst. Wir verpflichten uns zum verantwortungsvollen Umgang mit Ihren Daten, so dass ihre Privatsph\u00e4re jederzeit gewahrt bleibt.<\/p>\n<p>1. Kontakt<br \/>\nTreten Sie per E-Mail oder Kontaktformular mit uns in Kontakt, werden die von Ihnen gemachten Angaben zum Zwecke der Bearbeitung der Anfrage sowie f\u00fcr m\u00f6gliche Anschlussfragen gespeichert. Wir sind bem\u00fcht, Ihre personenbezogenen Daten durch Ergreifung aller technischen und organisatorischen M\u00f6glichkeiten so zu speichern, dass sie f\u00fcr Dritte nicht zug\u00e4nglich sind. Bei der Kommunikation per E-Mail kann die vollst\u00e4ndige Datensicherheit von uns nicht gew\u00e4hrleistet werden, so dass wir Ihnen bei vertraulichen Informationen den Postweg empfehlen.<\/p>\n<p>2. Nutzung und Weitergabe personenbezogener Daten<br \/>\nSoweit Sie uns personenbezogene Daten zur Verf\u00fcgung gestellt haben, verwenden wir diese nur zur Beantwortung Ihrer Anfragen, zur Abwicklung mit Ihnen geschlossener Vertr\u00e4ge und f\u00fcr die technische Administration.<br \/>\nIhre personenbezogenen Daten werden an Dritte nur weitergegeben oder sonst \u00fcbermittelt, wenn dies zum Zwecke der Vertragsabwicklung erforderlich ist, dies zu Abrechnungszwecken erforderlich ist oder Sie zuvor eingewilligt haben. Sie haben das Recht, eine erteilte Einwilligung mit Wirkung f\u00fcr die Zukunft jederzeit zu widerrufen.<br \/>\nDie L\u00f6schung der gespeicherten personenbezogenen Daten erfolgt, wenn Sie Ihre Einwilligung zur Speicherung widerrufen, wenn ihre Kenntnis zur Erf\u00fcllung des mit der Speicherung verfolgten Zwecks nicht mehr erforderlich ist oder wenn ihre Speicherung aus sonstigen gesetzlichen Gr\u00fcnden unzul\u00e4ssig ist.<\/p>\n<p>3. Plugins<br \/>\nWir haben keinen Einfluss darauf, welche Daten ein aktiviertes Plugin erfasst und wie diese durch den Anbieter verwendet werden. Derzeit muss davon ausgegangen werden, dass eine direkte Verbindung zu den Diensten des Anbieters ausgebaut wird sowie mindestens die IP-Adresse und ger\u00e4tebezogene Informationen erfasst und genutzt werden. Ebenfalls besteht die M\u00f6glichkeit, dass die Diensteanbieter versuchen, Cookies auf dem verwendeten Rechner zu speichern. Welche konkreten Daten hierbei erfasst und wie diese genutzt werden, entnehmen Sie bitte den Datenschutzhinweisen des jeweiligen Diensteanbieters.<br \/>\nWir erfassen selbst keine personenbezogenen Daten mittels der Social Plugins oder \u00fcber deren Nutzung.<\/p>\n<p>4. Ihre Rechte auf Auskunft, Berichtigung, Sperre, L\u00f6schung und Widerspruch<br \/>\nSie haben das Recht, jederzeit Auskunft \u00fcber Ihre bei uns gespeicherten personenbezogenen Daten zu erhalten. Ebenso haben Sie das Recht auf Berichtigung, Sperrung oder, abgesehen von der vorgeschriebenen Datenspeicherung zur Gesch\u00e4ftsabwicklung, L\u00f6schung Ihrer personenbezogenen Daten. Bitte wenden Sie sich dazu an unseren Datenschutzbeauftragten. Die Kontaktdaten finden Sie weiter unten.<br \/>\nSie k\u00f6nnen \u00c4nderungen oder den Widerruf einer Einwilligung durch entsprechende Mitteilung an uns mit Wirkung f\u00fcr die Zukunft vornehmen.<\/p>\n<p>5. \u00c4nderung unserer Datenschutzbestimmungen<br \/>\nWir behalten uns vor, diese Datenschutzerkl\u00e4rung gelegentlich anzupassen, damit sie stets den aktuellen rechtlichen Anforderungen entspricht oder um \u00c4nderungen unserer Leistungen in der Datenschutzerkl\u00e4rung umzusetzen, z. B. bei der Einf\u00fchrung neuer Services. F\u00fcr Ihren erneuten Besuch gilt dann die neue Datenschutzerkl\u00e4rung.<\/p>\n<p>6. Fragen an den Datenschutzbeauftragten<br \/>\nWenn Sie Fragen zum Datenschutz haben, schreiben Sie uns bitte eine E-Mail oder wenden Sie sich direkt an uns:<br \/>\n&#x6d;&#97;r&#x61;&#x63;&#97;t&#x75;&#x4e;&#83;E&#x40;&#x67;&#109;x&#x2e;&#x6e;&#101;t<\/p>\n<p>Aufsichtsbeh\u00f6rde<br \/>\nSie haben jederzeit ein Beschwerderecht bei der f\u00fcr unser Unternehmen zust\u00e4ndigen Aufsichtsbeh\u00f6rde. Die Kontaktdaten sind:<br \/>\nDer Hamburgische Beauftragte f\u00fcr Datenschutz und Informationsfreiheit<br \/>\nKlosterwall 6 (Block C)<br \/>\n20095 Hamburg<br \/>\nTel.: (040) 4 28 54 &#8211; 40 40<br \/>\nE-Fax: (040) 4 279 &#8211; 11811<br \/>\nE-Mail: ma&#105;&#108;&#98;&#111;&#x78;&#x40;&#x64;&#x61;&#x74;en&#115;&#99;&#104;&#117;&#x74;&#x7a;&#x2e;&#x68;&#x61;mb&#117;&#114;&#103;&#46;&#x64;&#x65;<\/p>\n","protected":false},"excerpt":{"rendered":"<p>MARACATU freut sich \u00fcber Ihr Interesse an der MARACATU-Website. Den Schutz personenbezogener Daten, die \u00fcber unseren Webauftritt erfasst werden, nehmen wir sehr ernst. Wir verpflichten uns zum verantwortungsvollen Umgang mit Ihren Daten, so dass ihre Privatsph\u00e4re jederzeit gewahrt bleibt. 1. Kontakt Treten Sie per E-Mail oder Kontaktformular mit uns in Kontakt, werden die von Ihnen &hellip; <a href=\"https:\/\/www.maracatu.de\/?page_id=4985\" class=\"more-link\"><span class=\"screen-reader-text\">Datenschutzerkl\u00e4rung<\/span> weiterlesen <span class=\"meta-nav\">&rarr;<\/span><\/a><\/p>\n","protected":false},"author":13,"featured_media":0,"parent":0,"menu_order":0,"comment_status":"closed","ping_status":"closed","template":"","meta":{"ngg_post_thumbnail":0,"footnotes":""},"class_list":["post-4985","page","type-page","status-publish","hentry"],"_links":{"self":[{"href":"https:\/\/www.maracatu.de\/index.php?rest_route=\/wp\/v2\/pages\/4985","targetHints":{"allow":["GET"]}}],"collection":[{"href":"https:\/\/www.maracatu.de\/index.php?rest_route=\/wp\/v2\/pages"}],"about":[{"href":"https:\/\/www.maracatu.de\/index.php?rest_route=\/wp\/v2\/types\/page"}],"author":[{"embeddable":true,"href":"https:\/\/www.maracatu.de\/index.php?rest_route=\/wp\/v2\/users\/13"}],"replies":[{"embeddable":true,"href":"https:\/\/www.maracatu.de\/index.php?rest_route=%2Fwp%2Fv2%2Fcomments&post=4985"}],"version-history":[{"count":2,"href":"https:\/\/www.maracatu.de\/index.php?rest_route=\/wp\/v2\/pages\/4985\/revisions"}],"predecessor-version":[{"id":4988,"href":"https:\/\/www.maracatu.de\/index.php?rest_route=\/wp\/v2\/pages\/4985\/revisions\/4988"}],"wp:attachment":[{"href":"https:\/\/www.maracatu.de\/index.php?rest_route=%2Fwp%2Fv2%2Fmedia&parent=4985"}],"curies":[{"name":"wp","href":"https:\/\/api.w.org\/{rel}","templated":true}]}}