{"id":55,"date":"2013-12-07T14:21:24","date_gmt":"2013-12-07T12:21:24","guid":{"rendered":"http:\/\/www.maracatu.de\/?page_id=55"},"modified":"2022-11-08T22:34:47","modified_gmt":"2022-11-08T21:34:47","slug":"kontakt","status":"publish","type":"page","link":"https:\/\/www.maracatu.de\/?page_id=55","title":{"rendered":"Kontakt und Probezeiten"},"content":{"rendered":"<p><img loading=\"lazy\" decoding=\"async\" class=\"alignright wp-image-919\" src=\"https:\/\/www.maracatu.de\/wp-content\/uploads\/2016\/01\/kontakt-300x209.jpg\" alt=\"kontakt\" width=\"390\" height=\"271\" srcset=\"https:\/\/www.maracatu.de\/wp-content\/uploads\/2016\/01\/kontakt-300x209.jpg 300w, https:\/\/www.maracatu.de\/wp-content\/uploads\/2016\/01\/kontakt.jpg 674w\" sizes=\"auto, (max-width: 390px) 100vw, 390px\" \/><\/p>\n<p>&nbsp;<\/p>\n<p>&nbsp;<\/p>\n<p>&nbsp;<\/p>\n<p>&nbsp;<\/p>\n<p>&nbsp;<\/p>\n<p><strong>Probezeiten<\/strong><\/p>\n<p>Wir freuen uns immer \u00fcber neue T\u00e4nzer und Trommler.&nbsp;Wir proben immer dienstags in der Stadtteilschule am Hafen, Neust\u00e4dter Stra\u00dfe 60,&nbsp;20355 Hamburg<\/p>\n<p>17:30 &#8211; 18:30 &nbsp; &nbsp; &nbsp; Batucada Anf\u00e4nger<br \/>\n18:30 &#8211; 20:00 &nbsp; &nbsp; &nbsp; Batucada Fortgeschrittene<br \/>\n18:30 &#8211; 20:00 &nbsp; &nbsp; &nbsp; Hofstaat<\/p>\n<p>&nbsp;<\/p>\n<p>Ihr k\u00f6nnt uns gerne eine Nachricht schicken.<\/p>\n<p>&#109;&#x61;r&#97;&#x63;a&#x74;&#x75;&#78;&#x53;E&#64;&#x67;m&#120;&#x2e;&#100;&#x65;<\/p>\n<p>Datenschutzerkl\u00e4rung<br \/>\nMit dem Absenden der E-Mail erkl\u00e4ren Sie sich damit einverstanden, dass Ihre Daten zur Bearbeitung Ihres Anliegens verwendet werden. Nutzer haben das Recht, auf Antrag unentgeltlich Auskunft zu erhalten \u00fcber die personenbezogenen Daten, die von uns \u00fcber sie gespeichert wurden. Die Kontaktdaten sind dem Impressum zu entnehmen. Zus\u00e4tzlich haben die Nutzer das Recht auf Berichtigung unrichtiger Daten, Widerruf von Einwilligungen, Sperrung und L\u00f6schung ihrer personenbezogenen Daten, soweit dem keine gesetzliche Aufbewahrungspflicht entgegensteht.<\/p>\n","protected":false},"excerpt":{"rendered":"<p>&nbsp; &nbsp; &nbsp; &nbsp; &nbsp; Probezeiten Wir freuen uns immer \u00fcber neue T\u00e4nzer und Trommler.&nbsp;Wir proben immer dienstags in der Stadtteilschule am Hafen, Neust\u00e4dter Stra\u00dfe 60,&nbsp;20355 Hamburg 17:30 &#8211; 18:30 &nbsp; &nbsp; &nbsp; Batucada Anf\u00e4nger 18:30 &#8211; 20:00 &nbsp; &nbsp; &nbsp; Batucada Fortgeschrittene 18:30 &#8211; 20:00 &nbsp; &nbsp; &nbsp; Hofstaat &nbsp; Ihr k\u00f6nnt uns gerne &hellip; <a href=\"https:\/\/www.maracatu.de\/?page_id=55\" class=\"more-link\"><span class=\"screen-reader-text\">Kontakt und Probezeiten<\/span> weiterlesen <span class=\"meta-nav\">&rarr;<\/span><\/a><\/p>\n","protected":false},"author":1,"featured_media":0,"parent":0,"menu_order":0,"comment_status":"closed","ping_status":"open","template":"","meta":{"ngg_post_thumbnail":0,"footnotes":""},"class_list":["post-55","page","type-page","status-publish","hentry"],"_links":{"self":[{"href":"https:\/\/www.maracatu.de\/index.php?rest_route=\/wp\/v2\/pages\/55","targetHints":{"allow":["GET"]}}],"collection":[{"href":"https:\/\/www.maracatu.de\/index.php?rest_route=\/wp\/v2\/pages"}],"about":[{"href":"https:\/\/www.maracatu.de\/index.php?rest_route=\/wp\/v2\/types\/page"}],"author":[{"embeddable":true,"href":"https:\/\/www.maracatu.de\/index.php?rest_route=\/wp\/v2\/users\/1"}],"replies":[{"embeddable":true,"href":"https:\/\/www.maracatu.de\/index.php?rest_route=%2Fwp%2Fv2%2Fcomments&post=55"}],"version-history":[{"count":24,"href":"https:\/\/www.maracatu.de\/index.php?rest_route=\/wp\/v2\/pages\/55\/revisions"}],"predecessor-version":[{"id":7122,"href":"https:\/\/www.maracatu.de\/index.php?rest_route=\/wp\/v2\/pages\/55\/revisions\/7122"}],"wp:attachment":[{"href":"https:\/\/www.maracatu.de\/index.php?rest_route=%2Fwp%2Fv2%2Fmedia&parent=55"}],"curies":[{"name":"wp","href":"https:\/\/api.w.org\/{rel}","templated":true}]}}