{"id":859,"date":"2016-01-23T00:26:40","date_gmt":"2016-01-22T23:26:40","guid":{"rendered":"http:\/\/www.maracatu.de\/?page_id=859"},"modified":"2023-06-09T22:09:23","modified_gmt":"2023-06-09T20:09:23","slug":"maracatu-app-und-bei-facebook","status":"publish","type":"page","link":"https:\/\/www.maracatu.de\/?page_id=859","title":{"rendered":"App, Facebook und Photodoku"},"content":{"rendered":"<h4>MARACATU Stern der Elbe &#8211; App<\/h4>\n<p>Liebe Fans und Elbsterne! Seit einiger Zeit gibt es die&nbsp;kostenlose Maracatu App. So werdet ihr ganz schnell \u00fcber News, Auftritte und alles Andere informiert. Einfach im App-Store nach &#8222;Maracatu&#8220; suchen. Viel Spa\u00df damit!<\/p>\n<table>\n<tbody>\n<tr>\n<td>\n<h4>Maracatu findet ihr<\/h4>\n<h4>auch bei Facebook!<\/h4>\n<\/td>\n<td><a href=\"https:\/\/www.facebook.com\/Maracatu-Nation-Stern-der-Elbe-151477708205864\/\" target=\"_blank\" rel=\"noopener\"><img loading=\"lazy\" decoding=\"async\" class=\"alignnone size-full wp-image-860\" src=\"https:\/\/www.maracatu.de\/wp-content\/uploads\/2016\/01\/151477708205864.2782.594423506.png\" alt=\"151477708205864.2782.594423506\" width=\"120\" height=\"152\"><\/a><\/td>\n<\/tr>\n<\/tbody>\n<\/table>\n<h4><a href=\"https:\/\/www.maracatu.de\/wp-content\/uploads\/PDF\/MaractuNationSternderElbe.pdf\" target=\"_blank\" rel=\"noopener\"><img loading=\"lazy\" decoding=\"async\" class=\"size-full wp-image-381 alignleft\" src=\"https:\/\/www.maracatu.de\/wp-content\/uploads\/Artikel\/buttonbild.jpg\" alt=\"buttonbild\" width=\"283\" height=\"272\"><\/a>MARACATU Nation Stern der Elbe in Bildern 1993-2013<\/h4>\n<p>Pers\u00f6nliche Einblicke, grandiose Bilder und eine fast vollst\u00e4ndige Mitgliedergalerie lassen in die Welt des Maracatu eintauchen, in die Welt der Elbsterne oder einfach nur in Erinnerungen schwelgen.<\/p>\n<p>25 x 26 cm, 100 Seiten 5,- \u20ac \/<br \/>\n10,- \u20ac incl. Porto und Verpackung<br \/>\nnur solange der Vorrat reicht<\/p>\n<p>Bestellung per Mail unter m&#97;&#x72;&#x61;c&#97;&#x74;&#x75;n&#115;&#101;&#x40;&#x67;m&#120;&#x2e;&#x64;e<br \/>\nzur Auswahl-Vorschau bitte&nbsp;<span style=\"text-decoration: underline;\"><a href=\"https:\/\/www.maracatu.de\/wp-content\/uploads\/PDF\/MaractuNationSternderElbe.pdf\" target=\"_blank\" rel=\"noopener\">hier<\/a><\/span>&nbsp;klicken<\/p>\n","protected":false},"excerpt":{"rendered":"<p>MARACATU Stern der Elbe &#8211; App Liebe Fans und Elbsterne! Seit einiger Zeit gibt es die&nbsp;kostenlose Maracatu App. So werdet ihr ganz schnell \u00fcber News, Auftritte und alles Andere informiert. Einfach im App-Store nach &#8222;Maracatu&#8220; suchen. Viel Spa\u00df damit! Maracatu findet ihr auch bei Facebook! MARACATU Nation Stern der Elbe in Bildern 1993-2013 Pers\u00f6nliche Einblicke, &hellip; <a href=\"https:\/\/www.maracatu.de\/?page_id=859\" class=\"more-link\"><span class=\"screen-reader-text\">App, Facebook und Photodoku<\/span> weiterlesen <span class=\"meta-nav\">&rarr;<\/span><\/a><\/p>\n","protected":false},"author":1,"featured_media":0,"parent":0,"menu_order":0,"comment_status":"closed","ping_status":"closed","template":"","meta":{"ngg_post_thumbnail":0,"footnotes":""},"class_list":["post-859","page","type-page","status-publish","hentry"],"_links":{"self":[{"href":"https:\/\/www.maracatu.de\/index.php?rest_route=\/wp\/v2\/pages\/859","targetHints":{"allow":["GET"]}}],"collection":[{"href":"https:\/\/www.maracatu.de\/index.php?rest_route=\/wp\/v2\/pages"}],"about":[{"href":"https:\/\/www.maracatu.de\/index.php?rest_route=\/wp\/v2\/types\/page"}],"author":[{"embeddable":true,"href":"https:\/\/www.maracatu.de\/index.php?rest_route=\/wp\/v2\/users\/1"}],"replies":[{"embeddable":true,"href":"https:\/\/www.maracatu.de\/index.php?rest_route=%2Fwp%2Fv2%2Fcomments&post=859"}],"version-history":[{"count":13,"href":"https:\/\/www.maracatu.de\/index.php?rest_route=\/wp\/v2\/pages\/859\/revisions"}],"predecessor-version":[{"id":7870,"href":"https:\/\/www.maracatu.de\/index.php?rest_route=\/wp\/v2\/pages\/859\/revisions\/7870"}],"wp:attachment":[{"href":"https:\/\/www.maracatu.de\/index.php?rest_route=%2Fwp%2Fv2%2Fmedia&parent=859"}],"curies":[{"name":"wp","href":"https:\/\/api.w.org\/{rel}","templated":true}]}}