{"id":995,"date":"2016-02-01T09:40:58","date_gmt":"2016-02-01T08:40:58","guid":{"rendered":"http:\/\/www.maracatu.de\/?page_id=995"},"modified":"2021-09-22T22:29:16","modified_gmt":"2021-09-22T20:29:16","slug":"guestbook","status":"publish","type":"page","link":"https:\/\/www.maracatu.de\/?page_id=995","title":{"rendered":"G\u00e4stebuch"},"content":{"rendered":"<p>Aus Datenschutzgr\u00fcnden gibt es kein G\u00e4stebuch mehr, aber hier findest du <a href=\"https:\/\/www.maracatu.de\/?page_id=3694\"><span style=\"text-decoration: underline;\">G\u00e4stebucheintr\u00e4ge unserer alten Seite<\/span><\/a> oder aktuelle Beitr\u00e4ge auf unserer <a href=\"https:\/\/de-de.facebook.com\/Maracatu-Nation-Stern-der-Elbe-151477708205864\/\" target=\"_blank\" rel=\"noopener\"><span style=\"text-decoration: underline;\">Facebook Seite<\/span><\/a><\/p>\n\n\n<p><\/p>\n","protected":false},"excerpt":{"rendered":"<p>Aus Datenschutzgr\u00fcnden gibt es kein G\u00e4stebuch mehr, aber hier findest du G\u00e4stebucheintr\u00e4ge unserer alten Seite oder aktuelle Beitr\u00e4ge auf unserer Facebook Seite<\/p>\n","protected":false},"author":1,"featured_media":0,"parent":0,"menu_order":0,"comment_status":"closed","ping_status":"closed","template":"","meta":{"ngg_post_thumbnail":0,"footnotes":""},"class_list":["post-995","page","type-page","status-publish","hentry"],"_links":{"self":[{"href":"https:\/\/www.maracatu.de\/index.php?rest_route=\/wp\/v2\/pages\/995","targetHints":{"allow":["GET"]}}],"collection":[{"href":"https:\/\/www.maracatu.de\/index.php?rest_route=\/wp\/v2\/pages"}],"about":[{"href":"https:\/\/www.maracatu.de\/index.php?rest_route=\/wp\/v2\/types\/page"}],"author":[{"embeddable":true,"href":"https:\/\/www.maracatu.de\/index.php?rest_route=\/wp\/v2\/users\/1"}],"replies":[{"embeddable":true,"href":"https:\/\/www.maracatu.de\/index.php?rest_route=%2Fwp%2Fv2%2Fcomments&post=995"}],"version-history":[{"count":9,"href":"https:\/\/www.maracatu.de\/index.php?rest_route=\/wp\/v2\/pages\/995\/revisions"}],"predecessor-version":[{"id":6999,"href":"https:\/\/www.maracatu.de\/index.php?rest_route=\/wp\/v2\/pages\/995\/revisions\/6999"}],"wp:attachment":[{"href":"https:\/\/www.maracatu.de\/index.php?rest_route=%2Fwp%2Fv2%2Fmedia&parent=995"}],"curies":[{"name":"wp","href":"https:\/\/api.w.org\/{rel}","templated":true}]}}